{"id":944,"date":"2025-08-17T12:12:10","date_gmt":"2025-08-17T12:12:10","guid":{"rendered":"https:\/\/www.aleolio.com\/?page_id=944"},"modified":"2026-01-15T09:50:18","modified_gmt":"2026-01-15T09:50:18","slug":"sklep","status":"publish","type":"page","link":"https:\/\/www.aleolio.com\/en\/sklep\/","title":{"rendered":"Shop"},"content":{"rendered":"<div data-elementor-type=\"wp-page\" data-elementor-id=\"944\" class=\"elementor elementor-944\" data-elementor-post-type=\"page\">\n\t\t\t\t<div class=\"elementor-element elementor-element-16733fd wrapper__div elementor-hidden-desktop elementor-hidden-tablet elementor-hidden-mobile e-flex e-con-boxed e-con e-parent\" data-id=\"16733fd\" data-element_type=\"container\" data-e-type=\"container\">\n\t\t\t\t\t<div class=\"e-con-inner\">\n\t\t<div class=\"elementor-element elementor-element-e1ac447 e-con-full e-flex e-con e-child\" data-id=\"e1ac447\" data-element_type=\"container\" data-e-type=\"container\" data-settings=\"{&quot;background_background&quot;:&quot;classic&quot;}\">\n\t\t\t\t<div class=\"elementor-drag-drop elementor-element elementor-element-d98da25 e-transform elementor-absolute elementor-widget elementor-widget-image\" data-drag-drop=\"yes\" data-parent-level=\"1\" data-id=\"d98da25\" data-element_type=\"widget\" data-e-type=\"widget\" data-settings=\"{&quot;_transform_rotateZ_effect&quot;:{&quot;unit&quot;:&quot;px&quot;,&quot;size&quot;:16,&quot;sizes&quot;:[]},&quot;_position&quot;:&quot;absolute&quot;,&quot;_transform_rotateZ_effect_tablet&quot;:{&quot;unit&quot;:&quot;deg&quot;,&quot;size&quot;:&quot;&quot;,&quot;sizes&quot;:[]},&quot;_transform_rotateZ_effect_mobile&quot;:{&quot;unit&quot;:&quot;deg&quot;,&quot;size&quot;:&quot;&quot;,&quot;sizes&quot;:[]}}\" data-widget_type=\"image.default\">\n\t\t\t\t\t\t\t\t\t\t\t\t\t\t\t<img fetchpriority=\"high\" decoding=\"async\" width=\"800\" height=\"239\" src=\"https:\/\/www.aleolio.com\/wp-content\/uploads\/2025\/12\/aleolio_hohoho.svg\" class=\"attachment-large size-large wp-image-2126\" alt=\"\" \/>\t\t\t\t\t\t\t\t\t\t\t\t\t\t\t<\/div>\n\t\t<div class=\"elementor-element elementor-element-c10ffff e-con-full e-flex e-con e-child\" data-id=\"c10ffff\" data-element_type=\"container\" data-e-type=\"container\">\n\t\t\t\t<div class=\"elementor-element elementor-element-16e37e1 elementor-widget__width-initial elementor-widget elementor-widget-text-editor\" data-id=\"16e37e1\" data-element_type=\"widget\" data-e-type=\"widget\" data-widget_type=\"text-editor.default\">\n\t\t\t\t\t\t\t\t\tGrab ALEOLIO\u2019s holiday set of two olive oils: COLD and HOT. It sorts out both salads and hot dishes with no fuss.\n<\/br><\/br>One duo for the whole holiday table.\t\t\t\t\t\t\t\t<\/div>\n\t\t<div class=\"elementor-element elementor-element-8f7028b e-con-full e-flex e-con e-child\" data-id=\"8f7028b\" data-element_type=\"container\" data-e-type=\"container\">\n\t\t<a class=\"elementor-element elementor-element-7396a3d e-con-full e-flex e-con e-child\" data-id=\"7396a3d\" data-element_type=\"container\" data-e-type=\"container\" data-settings=\"{&quot;background_background&quot;:&quot;classic&quot;}\" href=\"\/en\/product\/aleolio-ho-ho-ho\/\">\n\t\t\t\t<div class=\"elementor-element elementor-element-8eae18e elementor-widget elementor-widget-text-editor\" data-id=\"8eae18e\" data-element_type=\"widget\" data-e-type=\"widget\" data-widget_type=\"text-editor.default\">\n\t\t\t\t\t\t\t\t\tTake\t\t\t\t\t\t\t\t<\/div>\n\t\t\t\t<div class=\"elementor-element elementor-element-606bf13 elementor-widget__width-auto elementor-widget elementor-widget-image\" data-id=\"606bf13\" data-element_type=\"widget\" data-e-type=\"widget\" data-widget_type=\"image.default\">\n\t\t\t\t\t\t\t\t\t\t\t\t\t\t\t<img decoding=\"async\" width=\"800\" height=\"748\" src=\"https:\/\/www.aleolio.com\/wp-content\/uploads\/2025\/08\/aleolio_next.svg\" class=\"attachment-large size-large wp-image-348\" alt=\"\" \/>\t\t\t\t\t\t\t\t\t\t\t\t\t\t\t<\/div>\n\t\t\t\t<\/a>\n\t\t\t\t<div class=\"elementor-element elementor-element-9eb990e elementor-widget elementor-widget-heading\" data-id=\"9eb990e\" data-element_type=\"widget\" data-e-type=\"widget\" data-widget_type=\"heading.default\">\n\t\t\t\t\t<h2 class=\"elementor-heading-title elementor-size-default\">120 pln<\/h2>\t\t\t\t<\/div>\n\t\t\t\t<\/div>\n\t\t\t\t<\/div>\n\t\t\t\t<\/div>\n\t\t<div class=\"elementor-element elementor-element-5dbeb34 e-con-full e-flex e-con e-child\" data-id=\"5dbeb34\" data-element_type=\"container\" data-e-type=\"container\" data-settings=\"{&quot;background_background&quot;:&quot;classic&quot;}\">\n\t\t\t\t<\/div>\n\t\t\t\t\t<\/div>\n\t\t\t\t<\/div>\n\t\t<div class=\"elementor-element elementor-element-69e859d e-flex e-con-boxed e-con e-parent\" data-id=\"69e859d\" data-element_type=\"container\" data-e-type=\"container\">\n\t\t\t\t\t<div class=\"e-con-inner\">\n\t\t<div class=\"elementor-element elementor-element-0f405cc e-con-full e-flex e-con e-child\" data-id=\"0f405cc\" data-element_type=\"container\" data-e-type=\"container\" data-settings=\"{&quot;background_background&quot;:&quot;classic&quot;}\">\n\t\t\t\t<div class=\"elementor-element elementor-element-29fb85f link-div elementor-widget elementor-widget-html\" data-id=\"29fb85f\" data-element_type=\"widget\" data-e-type=\"widget\" data-widget_type=\"html.default\">\n\t\t\t\t\t<a href=\"\/en\/product\/aleolio-na-cieplo\/\" class=\"link-div\"><\/a>\t\t\t\t<\/div>\n\t\t<div class=\"elementor-element elementor-element-a71ed87 e-con-full e-flex e-con e-child\" data-id=\"a71ed87\" data-element_type=\"container\" data-e-type=\"container\" data-settings=\"{&quot;position&quot;:&quot;absolute&quot;}\">\n\t\t\t\t<div class=\"elementor-element elementor-element-5f326c7 elementor-widget elementor-widget-heading\" data-id=\"5f326c7\" data-element_type=\"widget\" data-e-type=\"widget\" data-widget_type=\"heading.default\">\n\t\t\t\t\t<h2 class=\"elementor-heading-title elementor-size-default\">For hot use<\/h2>\t\t\t\t<\/div>\n\t\t\t\t<div class=\"elementor-element elementor-element-738d270 elementor-widget__width-auto elementor-widget-tablet__width-auto elementor-widget elementor-widget-text-editor\" data-id=\"738d270\" data-element_type=\"widget\" data-e-type=\"widget\" data-widget_type=\"text-editor.default\">\n\t\t\t\t\t\t\t\t\tOlives of the Picual variety.\t\t\t\t\t\t\t\t<\/div>\n\t\t\t\t<\/div>\n\t\t<div class=\"elementor-element elementor-element-21ecd6e e-con-full e-flex e-con e-child\" data-id=\"21ecd6e\" data-element_type=\"container\" data-e-type=\"container\" data-settings=\"{&quot;position&quot;:&quot;absolute&quot;}\">\n\t\t<div class=\"elementor-element elementor-element-2ebfb6a e-con-full e-flex e-con e-child\" data-id=\"2ebfb6a\" data-element_type=\"container\" data-e-type=\"container\">\n\t\t\t\t<div class=\"elementor-element elementor-element-199969d elementor-widget elementor-widget-heading\" data-id=\"199969d\" data-element_type=\"widget\" data-e-type=\"widget\" data-widget_type=\"heading.default\">\n\t\t\t\t\t<h4 class=\"elementor-heading-title elementor-size-default\">59 pln<\/h4>\t\t\t\t<\/div>\n\t\t<a class=\"elementor-element elementor-element-21b2be6 e-con-full e-flex e-con e-child\" data-id=\"21b2be6\" data-element_type=\"container\" data-e-type=\"container\" data-settings=\"{&quot;background_background&quot;:&quot;classic&quot;}\" href=\"\/en\/product\/aleolio-na-cieplo\/\">\n\t\t\t\t<div class=\"elementor-element elementor-element-8cb2bb2 elementor-widget elementor-widget-text-editor\" data-id=\"8cb2bb2\" data-element_type=\"widget\" data-e-type=\"widget\" data-widget_type=\"text-editor.default\">\n\t\t\t\t\t\t\t\t\tView\t\t\t\t\t\t\t\t<\/div>\n\t\t\t\t<div class=\"elementor-element elementor-element-0c03374 elementor-widget__width-auto elementor-widget elementor-widget-image\" data-id=\"0c03374\" data-element_type=\"widget\" data-e-type=\"widget\" data-widget_type=\"image.default\">\n\t\t\t\t\t\t\t\t\t\t\t\t\t\t\t<img decoding=\"async\" width=\"800\" height=\"748\" src=\"https:\/\/www.aleolio.com\/wp-content\/uploads\/2025\/08\/aleolio_next.svg\" class=\"attachment-large size-large wp-image-348\" alt=\"\" \/>\t\t\t\t\t\t\t\t\t\t\t\t\t\t\t<\/div>\n\t\t\t\t<\/a>\n\t\t\t\t<\/div>\n\t\t\t\t<\/div>\n\t\t\t\t<\/div>\n\t\t<div class=\"elementor-element elementor-element-d7d437c e-con-full e-flex e-con e-child\" data-id=\"d7d437c\" data-element_type=\"container\" data-e-type=\"container\">\n\t\t\t\t<div class=\"elementor-element elementor-element-e37c6cc slider-title-bg elementor--h-position-center elementor--v-position-middle elementor-widget elementor-widget-slides\" data-id=\"e37c6cc\" data-element_type=\"widget\" data-e-type=\"widget\" data-settings=\"{&quot;navigation&quot;:&quot;none&quot;,&quot;autoplay_speed&quot;:2000,&quot;transition_speed&quot;:320,&quot;autoplay&quot;:&quot;yes&quot;,&quot;infinite&quot;:&quot;yes&quot;,&quot;transition&quot;:&quot;slide&quot;}\" data-widget_type=\"slides.default\">\n\t\t\t\t\t\t\t\t\t\t<div class=\"elementor-slides-wrapper elementor-main-swiper swiper\" role=\"region\" aria-roledescription=\"carousel\" aria-label=\"Slajdy\" dir=\"ltr\" data-animation=\"\">\n\t\t\t\t<div class=\"swiper-wrapper elementor-slides\">\n\t\t\t\t\t\t\t\t\t\t<div class=\"elementor-repeater-item-6f327f6 swiper-slide\" role=\"group\" aria-roledescription=\"slide\"><div class=\"swiper-slide-bg\" role=\"img\" aria-label=\"aleolio_smazenie\"><\/div><div class=\"swiper-slide-inner\" ><div class=\"swiper-slide-contents\"><div class=\"elementor-slide-heading\">For frying<\/div><\/div><\/div><\/div><div class=\"elementor-repeater-item-1038fe5 swiper-slide\" role=\"group\" aria-roledescription=\"slide\"><div class=\"swiper-slide-bg\" role=\"img\" aria-label=\"aleolio_pieczenie\"><\/div><div class=\"swiper-slide-inner\" ><div class=\"swiper-slide-contents\"><div class=\"elementor-slide-heading\">For baking<\/div><\/div><\/div><\/div><div class=\"elementor-repeater-item-0f314aa swiper-slide\" role=\"group\" aria-roledescription=\"slide\"><div class=\"swiper-slide-bg\" role=\"img\" aria-label=\"aleolio_marynaty\"><\/div><div class=\"swiper-slide-inner\" ><div class=\"swiper-slide-contents\"><div class=\"elementor-slide-heading\">For marinades<\/div><\/div><\/div><\/div>\t\t\t\t<\/div>\n\t\t\t\t\t\t\t\t\t\t\t\t\t\t\t\t\t\t\t\t\t<\/div>\n\t\t\t\t\t\t\t\t<\/div>\n\t\t\t\t<\/div>\n\t\t\t\t\t<\/div>\n\t\t\t\t<\/div>\n\t\t<div class=\"elementor-element elementor-element-3906308 e-flex e-con-boxed e-con e-parent\" data-id=\"3906308\" data-element_type=\"container\" data-e-type=\"container\">\n\t\t\t\t\t<div class=\"e-con-inner\">\n\t\t<div class=\"elementor-element elementor-element-8316483 e-con-full e-flex e-con e-child\" data-id=\"8316483\" data-element_type=\"container\" data-e-type=\"container\" data-settings=\"{&quot;background_background&quot;:&quot;classic&quot;}\">\n\t\t\t\t<div class=\"elementor-element elementor-element-a45ffd0 link-div elementor-widget elementor-widget-html\" data-id=\"a45ffd0\" data-element_type=\"widget\" data-e-type=\"widget\" data-widget_type=\"html.default\">\n\t\t\t\t\t<a href=\"\/en\/product\/aleolio-na-zimno\/\" class=\"link-div\"><\/a>\t\t\t\t<\/div>\n\t\t<div class=\"elementor-element elementor-element-3053411 e-con-full e-flex e-con e-child\" data-id=\"3053411\" data-element_type=\"container\" data-e-type=\"container\" data-settings=\"{&quot;position&quot;:&quot;absolute&quot;}\">\n\t\t\t\t<div class=\"elementor-element elementor-element-e76806a elementor-widget elementor-widget-heading\" data-id=\"e76806a\" data-element_type=\"widget\" data-e-type=\"widget\" data-widget_type=\"heading.default\">\n\t\t\t\t\t<h2 class=\"elementor-heading-title elementor-size-default\">For cold use<\/h2>\t\t\t\t<\/div>\n\t\t\t\t<div class=\"elementor-element elementor-element-f0d6184 elementor-widget__width-auto elementor-widget-tablet__width-auto elementor-widget elementor-widget-text-editor\" data-id=\"f0d6184\" data-element_type=\"widget\" data-e-type=\"widget\" data-widget_type=\"text-editor.default\">\n\t\t\t\t\t\t\t\t\tRoyuela variety.\t\t\t\t\t\t\t\t<\/div>\n\t\t\t\t<\/div>\n\t\t<div class=\"elementor-element elementor-element-bca2b55 e-con-full e-flex e-con e-child\" data-id=\"bca2b55\" data-element_type=\"container\" data-e-type=\"container\" data-settings=\"{&quot;position&quot;:&quot;absolute&quot;}\">\n\t\t<div class=\"elementor-element elementor-element-0c760a8 e-con-full e-flex e-con e-child\" data-id=\"0c760a8\" data-element_type=\"container\" data-e-type=\"container\">\n\t\t\t\t<div class=\"elementor-element elementor-element-c238a8e elementor-widget elementor-widget-heading\" data-id=\"c238a8e\" data-element_type=\"widget\" data-e-type=\"widget\" data-widget_type=\"heading.default\">\n\t\t\t\t\t<h4 class=\"elementor-heading-title elementor-size-default\">65 pln<\/h4>\t\t\t\t<\/div>\n\t\t<a class=\"elementor-element elementor-element-d42ac23 e-con-full e-flex e-con e-child\" data-id=\"d42ac23\" data-element_type=\"container\" data-e-type=\"container\" data-settings=\"{&quot;background_background&quot;:&quot;classic&quot;}\" href=\"\/en\/product\/aleolio-na-zimno\/\">\n\t\t\t\t<div class=\"elementor-element elementor-element-68a88af elementor-widget elementor-widget-text-editor\" data-id=\"68a88af\" data-element_type=\"widget\" data-e-type=\"widget\" data-widget_type=\"text-editor.default\">\n\t\t\t\t\t\t\t\t\tView\t\t\t\t\t\t\t\t<\/div>\n\t\t\t\t<div class=\"elementor-element elementor-element-22de4f3 elementor-widget__width-auto elementor-widget elementor-widget-image\" data-id=\"22de4f3\" data-element_type=\"widget\" data-e-type=\"widget\" data-widget_type=\"image.default\">\n\t\t\t\t\t\t\t\t\t\t\t\t\t\t\t<img decoding=\"async\" width=\"800\" height=\"748\" src=\"https:\/\/www.aleolio.com\/wp-content\/uploads\/2025\/08\/aleolio_next.svg\" class=\"attachment-large size-large wp-image-348\" alt=\"\" \/>\t\t\t\t\t\t\t\t\t\t\t\t\t\t\t<\/div>\n\t\t\t\t<\/a>\n\t\t\t\t<\/div>\n\t\t\t\t<\/div>\n\t\t\t\t<\/div>\n\t\t<div class=\"elementor-element elementor-element-4beccd6 e-con-full e-flex e-con e-child\" data-id=\"4beccd6\" data-element_type=\"container\" data-e-type=\"container\">\n\t\t\t\t<div class=\"elementor-element elementor-element-6e58d7f slider-title-bg elementor--h-position-center elementor--v-position-middle elementor-widget elementor-widget-slides\" data-id=\"6e58d7f\" data-element_type=\"widget\" data-e-type=\"widget\" data-settings=\"{&quot;navigation&quot;:&quot;none&quot;,&quot;autoplay_speed&quot;:2000,&quot;transition_speed&quot;:320,&quot;autoplay&quot;:&quot;yes&quot;,&quot;infinite&quot;:&quot;yes&quot;,&quot;transition&quot;:&quot;slide&quot;}\" data-widget_type=\"slides.default\">\n\t\t\t\t\t\t\t\t\t\t<div class=\"elementor-slides-wrapper elementor-main-swiper swiper\" role=\"region\" aria-roledescription=\"carousel\" aria-label=\"Slajdy\" dir=\"ltr\" data-animation=\"\">\n\t\t\t\t<div class=\"swiper-wrapper elementor-slides\">\n\t\t\t\t\t\t\t\t\t\t<div class=\"elementor-repeater-item-6f327f6 swiper-slide\" role=\"group\" aria-roledescription=\"slide\"><div class=\"swiper-slide-bg\" role=\"img\" aria-label=\"aleolio_dressing\"><\/div><div class=\"swiper-slide-inner\" ><div class=\"swiper-slide-contents\"><div class=\"elementor-slide-heading\">Dressing<\/div><\/div><\/div><\/div><div class=\"elementor-repeater-item-1038fe5 swiper-slide\" role=\"group\" aria-roledescription=\"slide\"><div class=\"swiper-slide-bg\" role=\"img\" aria-label=\"aleolio_sosy\"><\/div><div class=\"swiper-slide-inner\" ><div class=\"swiper-slide-contents\"><div class=\"elementor-slide-heading\">Sauces<\/div><\/div><\/div><\/div><div class=\"elementor-repeater-item-0f314aa swiper-slide\" role=\"group\" aria-roledescription=\"slide\"><div class=\"swiper-slide-bg\" role=\"img\" aria-label=\"aleolio_doprawianie\"><\/div><div class=\"swiper-slide-inner\" ><div class=\"swiper-slide-contents\"><div class=\"elementor-slide-heading\">Seasoning<\/div><\/div><\/div><\/div>\t\t\t\t<\/div>\n\t\t\t\t\t\t\t\t\t\t\t\t\t\t\t\t\t\t\t\t\t<\/div>\n\t\t\t\t\t\t\t\t<\/div>\n\t\t\t\t<\/div>\n\t\t\t\t\t<\/div>\n\t\t\t\t<\/div>\n\t\t<div class=\"elementor-element elementor-element-ed53158 wrapper__div e-flex e-con-boxed e-con e-parent\" data-id=\"ed53158\" data-element_type=\"container\" data-e-type=\"container\">\n\t\t\t\t\t<div class=\"e-con-inner\">\n\t\t<div class=\"elementor-element elementor-element-85903f8 e-con-full e-flex e-con e-child\" data-id=\"85903f8\" data-element_type=\"container\" data-e-type=\"container\" data-settings=\"{&quot;background_background&quot;:&quot;classic&quot;}\">\n\t\t<div class=\"elementor-element elementor-element-136088f e-con-full e-flex e-con e-child\" data-id=\"136088f\" data-element_type=\"container\" data-e-type=\"container\">\n\t\t\t\t<div class=\"elementor-element elementor-element-e6a04ee elementor-widget__width-initial elementor-widget elementor-widget-text-editor\" data-id=\"e6a04ee\" data-element_type=\"widget\" data-e-type=\"widget\" data-widget_type=\"text-editor.default\">\n\t\t\t\t\t\t\t\t\tTake a set of two distinct olive oils and enjoy ALEOLIO on repeat. We guarantee\u2014you won\u2019t get tired of it!\n<\/br>\n<\/br>\nGet more for less\t\t\t\t\t\t\t\t<\/div>\n\t\t<div class=\"elementor-element elementor-element-92aa62c e-con-full e-flex e-con e-child\" data-id=\"92aa62c\" data-element_type=\"container\" data-e-type=\"container\">\n\t\t<a class=\"elementor-element elementor-element-d50a354 e-con-full e-flex e-con e-child\" data-id=\"d50a354\" data-element_type=\"container\" data-e-type=\"container\" data-settings=\"{&quot;background_background&quot;:&quot;classic&quot;}\" href=\"\/en\/product\/aleolio-zestaw\/\">\n\t\t\t\t<div class=\"elementor-element elementor-element-b476d5e elementor-widget elementor-widget-text-editor\" data-id=\"b476d5e\" data-element_type=\"widget\" data-e-type=\"widget\" data-widget_type=\"text-editor.default\">\n\t\t\t\t\t\t\t\t\tTake\t\t\t\t\t\t\t\t<\/div>\n\t\t\t\t<div class=\"elementor-element elementor-element-9e9585f elementor-widget__width-auto elementor-widget elementor-widget-image\" data-id=\"9e9585f\" data-element_type=\"widget\" data-e-type=\"widget\" data-widget_type=\"image.default\">\n\t\t\t\t\t\t\t\t\t\t\t\t\t\t\t<img decoding=\"async\" width=\"800\" height=\"748\" src=\"https:\/\/www.aleolio.com\/wp-content\/uploads\/2025\/08\/aleolio_next.svg\" class=\"attachment-large size-large wp-image-348\" alt=\"\" \/>\t\t\t\t\t\t\t\t\t\t\t\t\t\t\t<\/div>\n\t\t\t\t<\/a>\n\t\t\t\t<div class=\"elementor-element elementor-element-3ea2922 elementor-widget elementor-widget-heading\" data-id=\"3ea2922\" data-element_type=\"widget\" data-e-type=\"widget\" data-widget_type=\"heading.default\">\n\t\t\t\t\t<h4 class=\"elementor-heading-title elementor-size-default\">115 pln<\/h4>\t\t\t\t<\/div>\n\t\t\t\t<div class=\"elementor-element elementor-element-3d71e9d elementor-absolute e-transform elementor-widget elementor-widget-heading\" data-id=\"3d71e9d\" data-element_type=\"widget\" data-e-type=\"widget\" data-settings=\"{&quot;_position&quot;:&quot;absolute&quot;,&quot;_transform_rotateZ_effect&quot;:{&quot;unit&quot;:&quot;px&quot;,&quot;size&quot;:-9,&quot;sizes&quot;:[]},&quot;_transform_rotateZ_effect_mobile&quot;:{&quot;unit&quot;:&quot;deg&quot;,&quot;size&quot;:5,&quot;sizes&quot;:[]},&quot;_transform_rotateZ_effect_tablet&quot;:{&quot;unit&quot;:&quot;deg&quot;,&quot;size&quot;:&quot;&quot;,&quot;sizes&quot;:[]}}\" data-widget_type=\"heading.default\">\n\t\t\t\t\t<h4 class=\"elementor-heading-title elementor-size-default\"><del>124\n pln<\/del><\/h4>\t\t\t\t<\/div>\n\t\t\t\t<\/div>\n\t\t\t\t<\/div>\n\t\t\t\t<div class=\"elementor-drag-drop elementor-element elementor-element-5fa2a7f heading__vector e-transform elementor-absolute elementor-widget elementor-widget-image\" data-drag-drop=\"yes\" data-parent-level=\"1\" data-id=\"5fa2a7f\" data-element_type=\"widget\" data-e-type=\"widget\" data-settings=\"{&quot;_transform_rotateZ_effect&quot;:{&quot;unit&quot;:&quot;px&quot;,&quot;size&quot;:-16,&quot;sizes&quot;:[]},&quot;_animation&quot;:&quot;none&quot;,&quot;_animation_delay&quot;:1,&quot;_transform_rotateZ_effect_mobile&quot;:{&quot;unit&quot;:&quot;deg&quot;,&quot;size&quot;:16,&quot;sizes&quot;:[]},&quot;_position&quot;:&quot;absolute&quot;,&quot;_transform_rotateZ_effect_tablet&quot;:{&quot;unit&quot;:&quot;deg&quot;,&quot;size&quot;:&quot;&quot;,&quot;sizes&quot;:[]}}\" data-widget_type=\"image.default\">\n\t\t\t\t\t\t\t\t\t\t\t\t\t\t\t<img decoding=\"async\" width=\"800\" height=\"218\" src=\"https:\/\/www.aleolio.com\/wp-content\/uploads\/2025\/08\/so-simple-004.svg\" class=\"attachment-large size-large wp-image-972\" alt=\"\" \/>\t\t\t\t\t\t\t\t\t\t\t\t\t\t\t<\/div>\n\t\t\t\t<\/div>\n\t\t<div class=\"elementor-element elementor-element-1bda76f e-con-full e-flex e-con e-child\" data-id=\"1bda76f\" data-element_type=\"container\" data-e-type=\"container\" data-settings=\"{&quot;background_background&quot;:&quot;classic&quot;}\">\n\t\t<div class=\"elementor-element elementor-element-edfa690 e-con-full elementor-hidden-mobile e-flex e-con e-child\" data-id=\"edfa690\" data-element_type=\"container\" data-e-type=\"container\" data-settings=\"{&quot;background_background&quot;:&quot;classic&quot;,&quot;position&quot;:&quot;absolute&quot;}\">\n\t\t\t\t<div class=\"elementor-element elementor-element-5a7575b elementor-widget elementor-widget-text-editor\" data-id=\"5a7575b\" data-element_type=\"widget\" data-e-type=\"widget\" data-widget_type=\"text-editor.default\">\n\t\t\t\t\t\t\t\t\t59 pln\t\t\t\t\t\t\t\t<\/div>\n\t\t\t\t<\/div>\n\t\t<div class=\"elementor-element elementor-element-01e0650 e-con-full elementor-hidden-mobile e-flex e-con e-child\" data-id=\"01e0650\" data-element_type=\"container\" data-e-type=\"container\" data-settings=\"{&quot;background_background&quot;:&quot;classic&quot;,&quot;position&quot;:&quot;absolute&quot;}\">\n\t\t\t\t<div class=\"elementor-element elementor-element-6987046 elementor-widget elementor-widget-text-editor\" data-id=\"6987046\" data-element_type=\"widget\" data-e-type=\"widget\" data-widget_type=\"text-editor.default\">\n\t\t\t\t\t\t\t\t\t<del>124 pln<\/del>\t\t\t\t\t\t\t\t<\/div>\n\t\t\t\t<\/div>\n\t\t<div class=\"elementor-element elementor-element-94402ff e-con-full elementor-hidden-mobile e-flex e-con e-child\" data-id=\"94402ff\" data-element_type=\"container\" data-e-type=\"container\" data-settings=\"{&quot;background_background&quot;:&quot;classic&quot;,&quot;position&quot;:&quot;absolute&quot;}\">\n\t\t\t\t<div class=\"elementor-element elementor-element-267485b elementor-widget elementor-widget-text-editor\" data-id=\"267485b\" data-element_type=\"widget\" data-e-type=\"widget\" data-widget_type=\"text-editor.default\">\n\t\t\t\t\t\t\t\t\t65 pln\t\t\t\t\t\t\t\t<\/div>\n\t\t\t\t<\/div>\n\t\t\t\t<\/div>\n\t\t\t\t\t<\/div>\n\t\t\t\t<\/div>\n\t\t\t\t<\/div>","protected":false},"excerpt":{"rendered":"<p>We\u017a \u015bwi\u0105teczny zestaw dw\u00f3ch oliw ALEOLIO: NA ZIMNO i NA CIEP\u0141O. Ogarniesz i sa\u0142atki, i gor\u0105ce dania bez kombinowania. Jeden duet na ca\u0142y \u015bwi\u0105teczny st\u00f3\u0142.Bierz 120 pln Na ciep\u0142o Oliwki z odmiany Picual. 59 pln Zobacz Do sma\u017ceniaDo pieczeniaNa marynaty Na zimno Odmiana Royuela. 65 pln Zobacz DressingSosyDoprawianie We\u017a zestaw dw\u00f3ch r\u00f3\u017cnych oliw i\u00a0jedz z&nbsp;ALEOLIO [&hellip;]<\/p>\n","protected":false},"author":1,"featured_media":0,"parent":0,"menu_order":0,"comment_status":"closed","ping_status":"closed","template":"","meta":{"_acf_changed":false,"inline_featured_image":false,"footnotes":""},"class_list":["post-944","page","type-page","status-publish","hentry"],"acf":[],"_links":{"self":[{"href":"https:\/\/www.aleolio.com\/en\/wp-json\/wp\/v2\/pages\/944","targetHints":{"allow":["GET"]}}],"collection":[{"href":"https:\/\/www.aleolio.com\/en\/wp-json\/wp\/v2\/pages"}],"about":[{"href":"https:\/\/www.aleolio.com\/en\/wp-json\/wp\/v2\/types\/page"}],"author":[{"embeddable":true,"href":"https:\/\/www.aleolio.com\/en\/wp-json\/wp\/v2\/users\/1"}],"replies":[{"embeddable":true,"href":"https:\/\/www.aleolio.com\/en\/wp-json\/wp\/v2\/comments?post=944"}],"version-history":[{"count":112,"href":"https:\/\/www.aleolio.com\/en\/wp-json\/wp\/v2\/pages\/944\/revisions"}],"predecessor-version":[{"id":2415,"href":"https:\/\/www.aleolio.com\/en\/wp-json\/wp\/v2\/pages\/944\/revisions\/2415"}],"wp:attachment":[{"href":"https:\/\/www.aleolio.com\/en\/wp-json\/wp\/v2\/media?parent=944"}],"curies":[{"name":"wp","href":"https:\/\/api.w.org\/{rel}","templated":true}]}}