{"id":927,"date":"2025-08-17T11:26:29","date_gmt":"2025-08-17T11:26:29","guid":{"rendered":"https:\/\/www.aleolio.com\/?page_id=927"},"modified":"2025-09-01T11:15:04","modified_gmt":"2025-09-01T11:15:04","slug":"polityka-prywatnosci","status":"publish","type":"page","link":"https:\/\/www.aleolio.com\/en\/polityka-prywatnosci\/","title":{"rendered":"Privacy policy"},"content":{"rendered":"<div data-elementor-type=\"wp-page\" data-elementor-id=\"927\" class=\"elementor elementor-927\" data-elementor-post-type=\"page\">\n\t\t\t\t<div class=\"elementor-element elementor-element-f8f56ae e-flex e-con-boxed e-con e-parent\" data-id=\"f8f56ae\" data-element_type=\"container\" data-e-type=\"container\">\n\t\t\t\t\t<div class=\"e-con-inner\">\n\t\t<div class=\"elementor-element elementor-element-6cc93df e-con-full e-flex e-con e-child\" data-id=\"6cc93df\" data-element_type=\"container\" data-e-type=\"container\">\n\t\t\t\t<div class=\"elementor-element elementor-element-bd86d46 elementor-widget elementor-widget-heading\" data-id=\"bd86d46\" data-element_type=\"widget\" data-e-type=\"widget\" data-widget_type=\"heading.default\">\n\t\t\t\t\t<h1 class=\"elementor-heading-title elementor-size-default\">Privacy policy<\/h1>\t\t\t\t<\/div>\n\t\t\t\t<\/div>\n\t\t<div class=\"elementor-element elementor-element-9a1cd4b e-con-full e-flex e-con e-child\" data-id=\"9a1cd4b\" data-element_type=\"container\" data-e-type=\"container\">\n\t\t\t\t<div class=\"elementor-element elementor-element-3072260 elementor-widget__width-initial elementor-widget elementor-widget-text-editor\" data-id=\"3072260\" data-element_type=\"widget\" data-e-type=\"widget\" data-widget_type=\"text-editor.default\">\n\t\t\t\t\t\t\t\t\t<ol><li>General Terms<br \/>The Privacy Policy defines how Users\u2019 personal data necessary for the provision of electronic services via the website www.daitose.com (hereinafter: the \u201cService\u201d) is collected, processed, and stored. The Service collects only the personal data necessary for the provision and development of the services offered therein. Personal data collected through the Service is processed in accordance with Regulation (EU) 2016\/679 of the European Parliament and of the Council of 27 April 2016 on the protection of natural persons with regard to the processing of personal data and on the free movement of such data, and repealing Directive 95\/46\/EC (General Data Protection Regulation, hereinafter: GDPR), as well as the Personal Data Protection Act of 10 May 2018.<\/li><li>Data Controller<br \/>The Data Controller of the personal data collected through the Service is DAI TO SE MICHA\u0141 WAWRZYNEK, JAKUB KOJDER CIVIL PARTNERSHIP, 357, 34-146 Strysz\u00f3w, NIP: 5512661871.\nContact address: hello@daitose.com (hereinafter: the \u201cController\u201d).<\/li><li>Purpose of Collecting Personal Data<br \/>Dane osobowe wykorzystywane s\u0105 w celu: rejestracji konta i weryfikacji to\u017csamo\u015bci U\u017cytkownika, umo\u017cliwienia logowania do Serwisu, realizacji umowy dotycz\u0105cej us\u0142ug i e-us\u0142ug, komunikacji z U\u017cytkownikiem (livechat, formularz kontaktowy itp.) wysy\u0142ki newslettera (po wyra\u017ceniu zgody U\u017cytkownika na jego otrzymywanie), prowadzenia systemu komentarzy, \u015bwiadczenia us\u0142ug spo\u0142eczno\u015bciowych, promocji oferty Administratora, marketingu, remarketingu, afiliacji, personalizacji Serwisu dla U\u017cytkownik\u00f3w, dzia\u0142a\u0144 analitycznych i statystycznych, windykacji nale\u017cno\u015bci, ustalenia i dochodzenia roszcze\u0144\u00a0albo obrony przed nimi.<br \/>Podanie danych jest dobrowolne, ale niezb\u0119dne do zawarcia umowy albo skorzystania z innych funkcjonalno\u015bci Serwisu.<\/li><li>Type of Personal Data Processed<br \/>The Controller may process the User\u2019s personal data: first and last name, date of birth, residential address, e-mail address, telephone number, and tax identification number (NIP).<\/li><li>Period of Personal Data Processing<br \/>Users\u2019 personal data will be processed for the following periods:\n\t\u2022\twhere the legal basis for processing is the performance of a contract \u2013 until the expiry of the limitation period for claims arising after its performance,\n\t\u2022\twhere the legal basis for processing is consent \u2013 until such consent is withdrawn, and after withdrawal until the expiry of the limitation period for claims.\nIn both cases, the limitation period is 6 years, and for claims for periodic performance and claims relating to business activity \u2013 3 years (unless a specific provision provides otherwise).<\/li><li>Disclosure of Personal Data<br \/>Users\u2019 personal data may be transferred to: entities affiliated with the Controller, its subcontractors, and entities cooperating with the Controller, e.g. companies handling electronic payments, courier\/postal service providers, or law firms.\nUsers\u2019 personal data may also be transferred outside the European Economic Area (EEA).<\/li><li>Users\u2019 Rights<br \/><p class=\"p1\">The User of the Service has the right to: access their personal data, rectify it, erase it, restrict its processing, transfer it, object to its processing, and withdraw consent at any time (which does not affect the lawfulness of processing carried out on the basis of consent prior to its withdrawal).\n\nA request to exercise any of the above rights should be sent to: hello@aleolio.com. The Controller shall comply with or refuse such a request without undue delay \u2013 no later than within one month of its receipt.\n\nThe User also has the right to lodge a complaint with the President of the Personal Data Protection Office if they consider that the processing of their personal data violates their rights and freedoms under the GDPR.<\/p><\/li><li>Cookies<br \/>The Service collects information using cookies \u2013 session, persistent, and third-party. The collection of cookies supports the proper provision of services on the Service and serves statistical purposes. The User may define the scope of access of cookies to their device in the browser settings.<\/li><li>Automated Decision-Making and Profiling<br \/>Users\u2019 data shall not be processed in an automated manner that could result in any decisions being made with respect to them. Users\u2019 data may be subject to profiling for the purpose of tailoring content and personalizing offers, provided that they have given their consent.<\/li><li>Final Provisions<br \/>The Controller reserves the right to make changes to this Privacy Policy; however, the rights of Users will not be limited. Information about such changes will be made available in the form of a notice published on the Service.<\/li><\/ol><div>\u00a0<\/div><p>In matters not regulated by this Privacy Policy, the provisions of the GDPR and the provisions of Polish law shall apply.<\/p>\t\t\t\t\t\t\t\t<\/div>\n\t\t\t\t<\/div>\n\t\t\t\t\t<\/div>\n\t\t\t\t<\/div>\n\t\t\t\t<\/div>","protected":false},"excerpt":{"rendered":"<p>Polityka prywatno\u015bci Postanowienia og\u00f3lnePolityka prywatno\u015bci okre\u015bla, jak zbierane, przetwarzane i przechowywane s\u0105 dane osobowe U\u017cytkownik\u00f3w niezb\u0119dne do \u015bwiadczenia us\u0142ug drog\u0105 elektroniczn\u0105 za po\u015brednictwem serwisu internetowego www.daitose.com (dalej: Serwis). Serwis zbiera wy\u0142\u0105cznie dane osobowe niezb\u0119dne do \u015bwiadczenia i rozwoju us\u0142ug w nim oferowanych. Dane osobowe zbierane za po\u015brednictwem Serwisu s\u0105 przetwarzane zgodnie z Rozporz\u0105dzeniem Parlamentu Europejskiego [&hellip;]<\/p>\n","protected":false},"author":1,"featured_media":0,"parent":0,"menu_order":0,"comment_status":"closed","ping_status":"closed","template":"","meta":{"_acf_changed":false,"inline_featured_image":false,"footnotes":""},"class_list":["post-927","page","type-page","status-publish","hentry"],"acf":[],"_links":{"self":[{"href":"https:\/\/www.aleolio.com\/en\/wp-json\/wp\/v2\/pages\/927","targetHints":{"allow":["GET"]}}],"collection":[{"href":"https:\/\/www.aleolio.com\/en\/wp-json\/wp\/v2\/pages"}],"about":[{"href":"https:\/\/www.aleolio.com\/en\/wp-json\/wp\/v2\/types\/page"}],"author":[{"embeddable":true,"href":"https:\/\/www.aleolio.com\/en\/wp-json\/wp\/v2\/users\/1"}],"replies":[{"embeddable":true,"href":"https:\/\/www.aleolio.com\/en\/wp-json\/wp\/v2\/comments?post=927"}],"version-history":[{"count":31,"href":"https:\/\/www.aleolio.com\/en\/wp-json\/wp\/v2\/pages\/927\/revisions"}],"predecessor-version":[{"id":1861,"href":"https:\/\/www.aleolio.com\/en\/wp-json\/wp\/v2\/pages\/927\/revisions\/1861"}],"wp:attachment":[{"href":"https:\/\/www.aleolio.com\/en\/wp-json\/wp\/v2\/media?parent=927"}],"curies":[{"name":"wp","href":"https:\/\/api.w.org\/{rel}","templated":true}]}}