{"id":351,"date":"2025-08-03T12:29:41","date_gmt":"2025-08-03T12:29:41","guid":{"rendered":"https:\/\/www.aleolio.com\/?page_id=351"},"modified":"2025-08-31T20:46:52","modified_gmt":"2025-08-31T20:46:52","slug":"kontakt","status":"publish","type":"page","link":"https:\/\/www.aleolio.com\/en\/kontakt\/","title":{"rendered":"Contact"},"content":{"rendered":"<div data-elementor-type=\"wp-page\" data-elementor-id=\"351\" class=\"elementor elementor-351\" data-elementor-post-type=\"page\">\n\t\t\t\t<div class=\"elementor-element elementor-element-b960df1 e-flex e-con-boxed e-con e-parent\" data-id=\"b960df1\" data-element_type=\"container\" data-e-type=\"container\">\n\t\t\t\t\t<div class=\"e-con-inner\">\n\t\t<div class=\"elementor-element elementor-element-787ebe2 e-con-full e-flex e-con e-child\" data-id=\"787ebe2\" data-element_type=\"container\" data-e-type=\"container\">\n\t\t\t\t<div class=\"elementor-element elementor-element-989337d elementor-widget__width-initial elementor-widget elementor-widget-text-editor\" data-id=\"989337d\" data-element_type=\"widget\" data-e-type=\"widget\" data-widget_type=\"text-editor.default\">\n\t\t\t\t\t\t\t\t\tDai To Se<\/br>Micha\u0142 Wawrzynek,\nJakub Kojder s.c.<\/br>\nStrysz\u00f3w 357, 34-146 Strysz\u00f3w, Poland\n<\/br>VAT ID PL5512661871\t\t\t\t\t\t\t\t<\/div>\n\t\t\t\t<\/div>\n\t\t<div class=\"elementor-element elementor-element-88aaaea e-con-full e-flex e-con e-child\" data-id=\"88aaaea\" data-element_type=\"container\" data-e-type=\"container\">\n\t\t<a class=\"elementor-element elementor-element-de5279c e-con-full e-flex e-con e-child\" data-id=\"de5279c\" data-element_type=\"container\" data-e-type=\"container\" data-settings=\"{&quot;background_background&quot;:&quot;classic&quot;}\" href=\"mailto:kontakt@aleolio.com\">\n\t\t\t\t<div class=\"elementor-element elementor-element-73558e4 elementor-widget elementor-widget-text-editor\" data-id=\"73558e4\" data-element_type=\"widget\" data-e-type=\"widget\" data-widget_type=\"text-editor.default\">\n\t\t\t\t\t\t\t\t\tkontakt@aleolio.pl\t\t\t\t\t\t\t\t<\/div>\n\t\t\t\t<div class=\"elementor-element elementor-element-74a5b1b elementor-widget__width-auto elementor-widget elementor-widget-image\" data-id=\"74a5b1b\" data-element_type=\"widget\" data-e-type=\"widget\" data-widget_type=\"image.default\">\n\t\t\t\t\t\t\t\t\t\t\t\t\t\t\t<img fetchpriority=\"high\" decoding=\"async\" width=\"800\" height=\"741\" src=\"https:\/\/www.aleolio.com\/wp-content\/uploads\/2025\/08\/icons-1.svg\" class=\"attachment-large size-large wp-image-1007\" alt=\"\" \/>\t\t\t\t\t\t\t\t\t\t\t\t\t\t\t<\/div>\n\t\t\t\t<\/a>\n\t\t<a class=\"elementor-element elementor-element-3153777 e-con-full elementor-hidden-desktop elementor-hidden-tablet elementor-hidden-mobile e-flex e-con e-child\" data-id=\"3153777\" data-element_type=\"container\" data-e-type=\"container\" data-settings=\"{&quot;background_background&quot;:&quot;classic&quot;}\" href=\"tel:0048501743187\">\n\t\t\t\t<div class=\"elementor-element elementor-element-4b8e797 elementor-widget elementor-widget-text-editor\" data-id=\"4b8e797\" data-element_type=\"widget\" data-e-type=\"widget\" data-widget_type=\"text-editor.default\">\n\t\t\t\t\t\t\t\t\t+48 501 743 187\t\t\t\t\t\t\t\t<\/div>\n\t\t\t\t<div class=\"elementor-element elementor-element-177e0cd elementor-widget__width-auto elementor-widget elementor-widget-image\" data-id=\"177e0cd\" data-element_type=\"widget\" data-e-type=\"widget\" data-widget_type=\"image.default\">\n\t\t\t\t\t\t\t\t\t\t\t\t\t\t\t<img decoding=\"async\" width=\"800\" height=\"741\" src=\"https:\/\/www.aleolio.com\/wp-content\/uploads\/2025\/08\/icons-2.svg\" class=\"attachment-large size-large wp-image-1008\" alt=\"\" \/>\t\t\t\t\t\t\t\t\t\t\t\t\t\t\t<\/div>\n\t\t\t\t<\/a>\n\t\t\t\t<\/div>\n\t\t\t\t<div class=\"elementor-element elementor-element-062e385 elementor-widget elementor-widget-image\" data-id=\"062e385\" data-element_type=\"widget\" data-e-type=\"widget\" data-widget_type=\"image.default\">\n\t\t\t\t\t\t\t\t\t\t\t\t\t\t\t<img decoding=\"async\" width=\"800\" height=\"266\" src=\"https:\/\/www.aleolio.com\/wp-content\/uploads\/2025\/08\/aleolio_kontak-1024x341.webp\" class=\"attachment-large size-large wp-image-1488\" alt=\"\" srcset=\"https:\/\/www.aleolio.com\/wp-content\/uploads\/2025\/08\/aleolio_kontak-1024x341.webp 1024w, https:\/\/www.aleolio.com\/wp-content\/uploads\/2025\/08\/aleolio_kontak-300x100.webp 300w, https:\/\/www.aleolio.com\/wp-content\/uploads\/2025\/08\/aleolio_kontak-768x256.webp 768w, https:\/\/www.aleolio.com\/wp-content\/uploads\/2025\/08\/aleolio_kontak-1536x512.webp 1536w, https:\/\/www.aleolio.com\/wp-content\/uploads\/2025\/08\/aleolio_kontak-2048x683.webp 2048w, https:\/\/www.aleolio.com\/wp-content\/uploads\/2025\/08\/aleolio_kontak-18x6.webp 18w, https:\/\/www.aleolio.com\/wp-content\/uploads\/2025\/08\/aleolio_kontak-600x200.webp 600w\" sizes=\"(max-width: 800px) 100vw, 800px\" \/>\t\t\t\t\t\t\t\t\t\t\t\t\t\t\t<\/div>\n\t\t\t\t\t<\/div>\n\t\t\t\t<\/div>\n\t\t\t\t<\/div>","protected":false},"excerpt":{"rendered":"<p>Dai To SeMicha\u0142 Wawrzynek, Jakub Kojder s.c. Strysz\u00f3w 357, 34-146 Strysz\u00f3w NIP 5512661871kontakt@aleolio.pl +48 501 743 187<\/p>","protected":false},"author":1,"featured_media":0,"parent":0,"menu_order":0,"comment_status":"closed","ping_status":"closed","template":"","meta":{"_acf_changed":false,"inline_featured_image":false,"footnotes":""},"class_list":["post-351","page","type-page","status-publish","hentry"],"acf":[],"_links":{"self":[{"href":"https:\/\/www.aleolio.com\/en\/wp-json\/wp\/v2\/pages\/351","targetHints":{"allow":["GET"]}}],"collection":[{"href":"https:\/\/www.aleolio.com\/en\/wp-json\/wp\/v2\/pages"}],"about":[{"href":"https:\/\/www.aleolio.com\/en\/wp-json\/wp\/v2\/types\/page"}],"author":[{"embeddable":true,"href":"https:\/\/www.aleolio.com\/en\/wp-json\/wp\/v2\/users\/1"}],"replies":[{"embeddable":true,"href":"https:\/\/www.aleolio.com\/en\/wp-json\/wp\/v2\/comments?post=351"}],"version-history":[{"count":37,"href":"https:\/\/www.aleolio.com\/en\/wp-json\/wp\/v2\/pages\/351\/revisions"}],"predecessor-version":[{"id":1820,"href":"https:\/\/www.aleolio.com\/en\/wp-json\/wp\/v2\/pages\/351\/revisions\/1820"}],"wp:attachment":[{"href":"https:\/\/www.aleolio.com\/en\/wp-json\/wp\/v2\/media?parent=351"}],"curies":[{"name":"wp","href":"https:\/\/api.w.org\/{rel}","templated":true}]}}